{"id":240,"date":"2017-01-18T10:46:39","date_gmt":"2017-01-18T09:46:39","guid":{"rendered":"http:\/\/volatos.pflueger-it.de\/index.php\/home\/"},"modified":"2024-01-08T09:37:37","modified_gmt":"2024-01-08T08:37:37","slug":"home","status":"publish","type":"page","link":"https:\/\/www.veredelt-reisen.de\/es\/","title":{"rendered":"Silke Edel-Pfannschmidt"},"content":{"rendered":"<p><iframe loading=\"lazy\" src=\"https:\/\/www.youtube.com\/embed\/TZScVOfS9NY?rel=0\" width=\"560\" height=\"315\" frameborder=\"0\" allowfullscreen=\"allowfullscreen\"><\/iframe><script <=\"\" p=\"\"><\/script><\/p>\n","protected":false},"excerpt":{"rendered":"","protected":false},"author":1,"featured_media":1298,"parent":0,"menu_order":0,"comment_status":"closed","ping_status":"closed","template":"templates\/front-page.php","meta":{"footnotes":""},"categories":[],"class_list":["post-240","page","type-page","status-publish","has-post-thumbnail","hentry"],"acf":[],"yoast_head":"<!-- This site is optimized with the Yoast SEO plugin v20.9 - https:\/\/yoast.com\/wordpress\/plugins\/seo\/ -->\n<title>Reiseb\u00fcro Silke Edel-Pfannschmidt - Veredelt Reisen - Reiseb\u00fcro in Naumburg<\/title>\n<meta name=\"description\" content=\"Willkommen im Reiseb\u00fcro Silke Edel-Pfannschmidt, Ihrer Expertin f\u00fcr Kreuzfahrten und individuelle Reisen f\u00fcr Naumburg und Umgebung.\" \/>\n<meta name=\"robots\" content=\"index, follow, max-snippet:-1, max-image-preview:large, max-video-preview:-1\" \/>\n<link rel=\"canonical\" href=\"https:\/\/www.veredelt-reisen.de\/es\/\" \/>\n<meta property=\"og:locale\" content=\"es_ES\" \/>\n<meta property=\"og:type\" content=\"article\" \/>\n<meta property=\"og:title\" content=\"Reiseb\u00fcro Silke Edel-Pfannschmidt - Veredelt Reisen - Reiseb\u00fcro in Naumburg\" \/>\n<meta property=\"og:description\" content=\"Willkommen im Reiseb\u00fcro Silke Edel-Pfannschmidt, Ihrer Expertin f\u00fcr Kreuzfahrten und individuelle Reisen f\u00fcr Naumburg und Umgebung.\" \/>\n<meta property=\"og:url\" content=\"https:\/\/www.veredelt-reisen.de\/es\/\" \/>\n<meta property=\"og:site_name\" content=\"Veredelt Reisen\" \/>\n<meta property=\"article:publisher\" content=\"https:\/\/www.facebook.com\/expeditionskreuzfahrten\/\" \/>\n<meta property=\"article:modified_time\" content=\"2024-01-08T08:37:37+00:00\" \/>\n<meta property=\"og:image\" content=\"https:\/\/www.veredelt-reisen.de\/wp-content\/uploads\/2018\/01\/Fotolia_132307008_M.jpg\" \/>\n\t<meta property=\"og:image:width\" content=\"1744\" \/>\n\t<meta property=\"og:image:height\" content=\"1090\" \/>\n\t<meta property=\"og:image:type\" content=\"image\/jpeg\" \/>\n<meta name=\"twitter:card\" content=\"summary_large_image\" \/>\n<script type=\"application\/ld+json\" class=\"yoast-schema-graph\">{\"@context\":\"https:\/\/schema.org\",\"@graph\":[{\"@type\":\"WebPage\",\"@id\":\"https:\/\/www.veredelt-reisen.de\/es\/\",\"url\":\"https:\/\/www.veredelt-reisen.de\/es\/\",\"name\":\"Reiseb\u00fcro Silke Edel-Pfannschmidt - Veredelt Reisen - Reiseb\u00fcro in Naumburg\",\"isPartOf\":{\"@id\":\"https:\/\/www.veredelt-reisen.de\/#website\"},\"datePublished\":\"2017-01-18T09:46:39+00:00\",\"dateModified\":\"2024-01-08T08:37:37+00:00\",\"description\":\"Willkommen im Reiseb\u00fcro Silke Edel-Pfannschmidt, Ihrer Expertin f\u00fcr Kreuzfahrten und individuelle Reisen f\u00fcr Naumburg und Umgebung.\",\"breadcrumb\":{\"@id\":\"https:\/\/www.veredelt-reisen.de\/es\/#breadcrumb\"},\"inLanguage\":\"es\",\"potentialAction\":[{\"@type\":\"ReadAction\",\"target\":[\"https:\/\/www.veredelt-reisen.de\/es\/\"]}]},{\"@type\":\"BreadcrumbList\",\"@id\":\"https:\/\/www.veredelt-reisen.de\/es\/#breadcrumb\",\"itemListElement\":[{\"@type\":\"ListItem\",\"position\":1,\"name\":\"Startseite\",\"item\":\"https:\/\/www.veredelt-reisen.de\/es\/\"},{\"@type\":\"ListItem\",\"position\":2,\"name\":\"Silke Edel-Pfannschmidt\"}]},{\"@type\":\"WebSite\",\"@id\":\"https:\/\/www.veredelt-reisen.de\/#website\",\"url\":\"https:\/\/www.veredelt-reisen.de\/\",\"name\":\"Veredelt Reisen\",\"description\":\"MEIN REISEB\u00dcRO F\u00dcR IHREN BESONDEREN URLAUB\",\"publisher\":{\"@id\":\"https:\/\/www.veredelt-reisen.de\/#organization\"},\"potentialAction\":[{\"@type\":\"SearchAction\",\"target\":{\"@type\":\"EntryPoint\",\"urlTemplate\":\"https:\/\/www.veredelt-reisen.de\/?s={search_term_string}\"},\"query-input\":\"required name=search_term_string\"}],\"inLanguage\":\"es\"},{\"@type\":\"Organization\",\"@id\":\"https:\/\/www.veredelt-reisen.de\/#organization\",\"name\":\"Reiseb\u00fcro Silke Edel-Pfannschmidt\",\"url\":\"https:\/\/www.veredelt-reisen.de\/\",\"logo\":{\"@type\":\"ImageObject\",\"inLanguage\":\"es\",\"@id\":\"https:\/\/www.veredelt-reisen.de\/#\/schema\/logo\/image\/\",\"url\":\"https:\/\/www.veredelt-reisen.de\/wp-content\/uploads\/2018\/01\/logo.png\",\"contentUrl\":\"https:\/\/www.veredelt-reisen.de\/wp-content\/uploads\/2018\/01\/logo.png\",\"width\":507,\"height\":212,\"caption\":\"Reiseb\u00fcro Silke Edel-Pfannschmidt\"},\"image\":{\"@id\":\"https:\/\/www.veredelt-reisen.de\/#\/schema\/logo\/image\/\"},\"sameAs\":[\"https:\/\/www.facebook.com\/expeditionskreuzfahrten\/\"]}]}<\/script>\n<!-- \/ Yoast SEO plugin. -->","yoast_head_json":{"title":"Reiseb\u00fcro Silke Edel-Pfannschmidt - Veredelt Reisen - Reiseb\u00fcro in Naumburg","description":"Willkommen im Reiseb\u00fcro Silke Edel-Pfannschmidt, Ihrer Expertin f\u00fcr Kreuzfahrten und individuelle Reisen f\u00fcr Naumburg und Umgebung.","robots":{"index":"index","follow":"follow","max-snippet":"max-snippet:-1","max-image-preview":"max-image-preview:large","max-video-preview":"max-video-preview:-1"},"canonical":"https:\/\/www.veredelt-reisen.de\/es\/","og_locale":"es_ES","og_type":"article","og_title":"Reiseb\u00fcro Silke Edel-Pfannschmidt - Veredelt Reisen - Reiseb\u00fcro in Naumburg","og_description":"Willkommen im Reiseb\u00fcro Silke Edel-Pfannschmidt, Ihrer Expertin f\u00fcr Kreuzfahrten und individuelle Reisen f\u00fcr Naumburg und Umgebung.","og_url":"https:\/\/www.veredelt-reisen.de\/es\/","og_site_name":"Veredelt Reisen","article_publisher":"https:\/\/www.facebook.com\/expeditionskreuzfahrten\/","article_modified_time":"2024-01-08T08:37:37+00:00","og_image":[{"width":1744,"height":1090,"url":"https:\/\/www.veredelt-reisen.de\/wp-content\/uploads\/2018\/01\/Fotolia_132307008_M.jpg","type":"image\/jpeg"}],"twitter_card":"summary_large_image","schema":{"@context":"https:\/\/schema.org","@graph":[{"@type":"WebPage","@id":"https:\/\/www.veredelt-reisen.de\/es\/","url":"https:\/\/www.veredelt-reisen.de\/es\/","name":"Reiseb\u00fcro Silke Edel-Pfannschmidt - Veredelt Reisen - Reiseb\u00fcro in Naumburg","isPartOf":{"@id":"https:\/\/www.veredelt-reisen.de\/#website"},"datePublished":"2017-01-18T09:46:39+00:00","dateModified":"2024-01-08T08:37:37+00:00","description":"Willkommen im Reiseb\u00fcro Silke Edel-Pfannschmidt, Ihrer Expertin f\u00fcr Kreuzfahrten und individuelle Reisen f\u00fcr Naumburg und Umgebung.","breadcrumb":{"@id":"https:\/\/www.veredelt-reisen.de\/es\/#breadcrumb"},"inLanguage":"es","potentialAction":[{"@type":"ReadAction","target":["https:\/\/www.veredelt-reisen.de\/es\/"]}]},{"@type":"BreadcrumbList","@id":"https:\/\/www.veredelt-reisen.de\/es\/#breadcrumb","itemListElement":[{"@type":"ListItem","position":1,"name":"Startseite","item":"https:\/\/www.veredelt-reisen.de\/es\/"},{"@type":"ListItem","position":2,"name":"Silke Edel-Pfannschmidt"}]},{"@type":"WebSite","@id":"https:\/\/www.veredelt-reisen.de\/#website","url":"https:\/\/www.veredelt-reisen.de\/","name":"Veredelt Reisen","description":"MEIN REISEB\u00dcRO F\u00dcR IHREN BESONDEREN URLAUB","publisher":{"@id":"https:\/\/www.veredelt-reisen.de\/#organization"},"potentialAction":[{"@type":"SearchAction","target":{"@type":"EntryPoint","urlTemplate":"https:\/\/www.veredelt-reisen.de\/?s={search_term_string}"},"query-input":"required name=search_term_string"}],"inLanguage":"es"},{"@type":"Organization","@id":"https:\/\/www.veredelt-reisen.de\/#organization","name":"Reiseb\u00fcro Silke Edel-Pfannschmidt","url":"https:\/\/www.veredelt-reisen.de\/","logo":{"@type":"ImageObject","inLanguage":"es","@id":"https:\/\/www.veredelt-reisen.de\/#\/schema\/logo\/image\/","url":"https:\/\/www.veredelt-reisen.de\/wp-content\/uploads\/2018\/01\/logo.png","contentUrl":"https:\/\/www.veredelt-reisen.de\/wp-content\/uploads\/2018\/01\/logo.png","width":507,"height":212,"caption":"Reiseb\u00fcro Silke Edel-Pfannschmidt"},"image":{"@id":"https:\/\/www.veredelt-reisen.de\/#\/schema\/logo\/image\/"},"sameAs":["https:\/\/www.facebook.com\/expeditionskreuzfahrten\/"]}]}},"_links":{"self":[{"href":"https:\/\/www.veredelt-reisen.de\/es\/wp-json\/wp\/v2\/pages\/240","targetHints":{"allow":["GET"]}}],"collection":[{"href":"https:\/\/www.veredelt-reisen.de\/es\/wp-json\/wp\/v2\/pages"}],"about":[{"href":"https:\/\/www.veredelt-reisen.de\/es\/wp-json\/wp\/v2\/types\/page"}],"author":[{"embeddable":true,"href":"https:\/\/www.veredelt-reisen.de\/es\/wp-json\/wp\/v2\/users\/1"}],"replies":[{"embeddable":true,"href":"https:\/\/www.veredelt-reisen.de\/es\/wp-json\/wp\/v2\/comments?post=240"}],"version-history":[{"count":34,"href":"https:\/\/www.veredelt-reisen.de\/es\/wp-json\/wp\/v2\/pages\/240\/revisions"}],"predecessor-version":[{"id":2807,"href":"https:\/\/www.veredelt-reisen.de\/es\/wp-json\/wp\/v2\/pages\/240\/revisions\/2807"}],"wp:featuredmedia":[{"embeddable":true,"href":"https:\/\/www.veredelt-reisen.de\/es\/wp-json\/wp\/v2\/media\/1298"}],"wp:attachment":[{"href":"https:\/\/www.veredelt-reisen.de\/es\/wp-json\/wp\/v2\/media?parent=240"}],"wp:term":[{"taxonomy":"category","embeddable":true,"href":"https:\/\/www.veredelt-reisen.de\/es\/wp-json\/wp\/v2\/categories?post=240"}],"curies":[{"name":"wp","href":"https:\/\/api.w.org\/{rel}","templated":true}]}}